{"id":4579,"date":"2022-11-03T09:19:10","date_gmt":"2022-11-03T08:19:10","guid":{"rendered":"https:\/\/www.kmatextiles.com\/faq\/"},"modified":"2023-03-20T12:19:46","modified_gmt":"2023-03-20T11:19:46","slug":"faq","status":"publish","type":"page","link":"https:\/\/www.kmatextiles.com\/de\/faq\/","title":{"rendered":"FAQ"},"content":{"rendered":"\t\t<div data-elementor-type=\"wp-page\" data-elementor-id=\"4579\" class=\"elementor elementor-4579\">\n\t\t\t\t\t\t<section class=\"elementor-section elementor-top-section elementor-element elementor-element-c55b305 elementor-section-boxed elementor-section-height-default elementor-section-height-default\" data-id=\"c55b305\" data-element_type=\"section\">\n\t\t\t\t\t\t<div class=\"elementor-container elementor-column-gap-default\">\n\t\t\t\t\t<div class=\"elementor-column elementor-col-100 elementor-top-column elementor-element elementor-element-cbaf6f5\" data-id=\"cbaf6f5\" data-element_type=\"column\">\n\t\t\t<div class=\"elementor-column-wrap--cbaf6f5 elementor-widget-wrap elementor-element-populated\">\n\t\t\t\t\t\t<div class=\"elementor-element elementor-element-14f3dc6 elementor-widget elementor-widget-text-editor\" data-id=\"14f3dc6\" data-element_type=\"widget\" data-widget_type=\"text-editor.default\">\n\t\t\t\t<div class=\"elementor-widget-container\">\n\t\t\t\t\t\t\t\t\t<p><strong>H\u00e4ufig gestellte Fragen Batteriebrand<\/strong><\/p>\n<p>Fragen zu Risiken bei Lithium-Ionen-Batterien. Was sind die Risiken und wie kann man sie mit Batterien beherrschen? Nachstehend finden Sie die am h\u00e4ufigsten gestellten Fragen zu Br\u00e4nden von Lithiumbatterien.<\/p>\n<p><strong>Welcher Feuerl\u00f6scher wird ben\u00f6tigt, um einen Batteriebrand zu l\u00f6schen?<\/strong><\/p>\n<p>Ein Brand einer Lithiumbatterie wird mit einem Feuerl\u00f6scher auf Wasserbasis (AVD) gel\u00f6scht. Das AVD-L\u00f6schmittel wird in einem feinen Nebel aufgetragen. Dadurch wird sichergestellt, dass die Batterie sofort gel\u00f6scht wird. Der Nebel kapselt die Batterien ein und verhindert ein thermisches Durchgehen.<\/p>\n<p>Der Brand einer Lithiumbatterie kann nicht mit einem gew\u00f6hnlichen Schauml\u00f6scher gel\u00f6scht werden. Der Schaum wird die Flammen zun\u00e4chst eind\u00e4mmen, aber durch die isolierende Wirkung des Schaums wird die Temperatur des Feuers wieder ansteigen, was den thermischen Durchschlag nicht aufhalten wird.<\/p>\n<p>Auch Pulverl\u00f6scher k\u00f6nnen nicht zum L\u00f6schen eines Batteriebrandes verwendet werden. Ein Pulverl\u00f6scher k\u00fchlt den Brandherd nicht, so dass der thermische Durchschlag nicht gestoppt wird.<\/p>\n<p><strong style=\"color: inherit; font-family: inherit; font-size: var(--h2-font-size); background-color: var(--body-bg-color);\">Was ist Thermal Runaway?&nbsp;<\/strong><\/p>\n<p>Dies ist der &#8222;thermische Runaway&#8220; einer Lithium-Ionen-Batterie. Ein Prozess, bei dem die Temperatur in der Batterie so hoch wird, dass sich die Bedingungen \u00e4ndern, was zu noch h\u00f6heren Temperaturen f\u00fchrt. Die Folgen sind sehr hohe Temperaturen, die Freisetzung von (gef\u00e4hrlichen) Gasen und oft eine sehr helle Flamme, Spritzer von Elektrolyt und Metallteilen.<\/p>\n<p><strong>Was sind die Ursachen f\u00fcr Thermal Runaway?<\/strong><\/p>\n<p>Thermal Runaway kann durch verschiedene Faktoren verursacht werden. Die h\u00e4ufigsten Ursachen f\u00fcr ein thermisches Durchgehen sind: \u00dcberladung der Batterien (oft durch fehlerhafte Ladeger\u00e4te), Besch\u00e4digung, \u00dcberhitzung, Kurzschl\u00fcsse und zu schnelles Entladen der Batterie.<\/p>\n<p><strong>Kann ein Feuer mit Lithiumbatterien mit Wasser gel\u00f6scht werden?<\/strong><\/p>\n<p>Sehr begrenzt und mit Risiken verbunden. Wasser leitet, so dass es zu Kurzschl\u00fcssen kommen kann. Au\u00dferdem kann die Reaktion von Wasser auf der Batterie zu explosivem Wasserstoffgas f\u00fchren. Das L\u00f6schen von Batterien mit Wasser ist also nicht ohne Risiko. Wasser k\u00fchlt zwar, aber aufgrund seiner geringen Viskosit\u00e4t ist eine gro\u00dfe Menge erforderlich, um eine Wirkung zu erzielen.<\/p>\n<p><strong>Wie wirksam sind L\u00f6schmittel mit Wasser und einem Additiv bei Br\u00e4nden von Lithiumbatterien?<\/strong><\/p>\n<p>Bei den meisten L\u00f6schmitteln, die aus Wasser mit einem Zusatzstoff bestehen, hat der Zusatzstoff (oft weniger als 1 %) keinen zus\u00e4tzlichen Nutzen im Vergleich zum L\u00f6schen mit 100 % Wasser. Unsere Tests haben n\u00e4mlich gezeigt, dass Wasser bei Batteriebr\u00e4nden wirksamer ist als Wasser mit einem Zusatzstoff. AVD ist kein Wasser mit einem Zusatz, sondern eine Dispersion mit mindestens 13 % Vermiculit. Damit ist AVD das beste L\u00f6schmittel f\u00fcr Br\u00e4nde von Lithiumbatterien.<\/p>\n<p>F\u00fcr weitere Informationen \u00fcber das AVD-L\u00f6schmittel <a href=\"https:\/\/www.avdfire.com\/what-is-aqueous-vermiculite-dispersion\/\">klicken Sie bitte hier.&nbsp;<\/a><\/p>\n<p>M\u00f6chten Sie mehr \u00fcber die Risiken von Lithiumbatterien erfahren? <a href=\"https:\/\/www.kmatextiles.com\/wp-content\/uploads\/2023\/03\/Die-risiken-von-lithium-ionen-batterien-KMA-Group-D.pdf\">Laden Sie hier das kostenlose Whitepaper,<\/a> entdecken Sie alle Fakten und profitieren Sie davon!<br><\/p>\n<p>Lith-ex AVD Feuerl\u00f6scher sind auf unserer <a href=\"https:\/\/www.kmatextiles.com\/de\/store\/\">Website<\/a> erh\u00e4ltlich<\/p>\t\t\t\t\t\t\t\t<\/div>\n\t\t\t\t<\/div>\n\t\t\t\t\t<\/div>\n\t\t<\/div>\n\t\t\t\t\t<\/div>\n\t\t<\/section>\n\t\t\t\t<section class=\"elementor-section elementor-top-section elementor-element elementor-element-8882801 elementor-section-boxed elementor-section-height-default elementor-section-height-default\" data-id=\"8882801\" data-element_type=\"section\">\n\t\t\t\t\t\t<div class=\"elementor-container elementor-column-gap-default\">\n\t\t\t\t\t<div class=\"elementor-column elementor-col-100 elementor-top-column elementor-element elementor-element-da90be4\" data-id=\"da90be4\" data-element_type=\"column\">\n\t\t\t<div class=\"elementor-column-wrap--da90be4 elementor-widget-wrap elementor-element-populated\">\n\t\t\t\t\t\t<div class=\"elementor-element elementor-element-4ad3d01 elementor-widget elementor-widget-video\" data-id=\"4ad3d01\" data-element_type=\"widget\" data-settings=\"{&quot;video_type&quot;:&quot;hosted&quot;,&quot;controls&quot;:&quot;yes&quot;}\" data-widget_type=\"video.default\">\n\t\t\t\t<div class=\"elementor-widget-container\">\n\t\t\t\t\t\t\t<div class=\"e-hosted-video elementor-wrapper elementor-open-inline\">\n\t\t\t\t\t<video class=\"elementor-video\" src=\"https:\/\/www.kmatextiles.com\/wp-content\/uploads\/2022\/11\/KMA-Lith-Ex-Explained.mp4\" controls=\"\" preload=\"metadata\" controlsList=\"nodownload\"><\/video>\n\t\t\t\t<\/div>\n\t\t\t\t\t\t<\/div>\n\t\t\t\t<\/div>\n\t\t\t\t\t<\/div>\n\t\t<\/div>\n\t\t\t\t\t<\/div>\n\t\t<\/section>\n\t\t\t\t<\/div>\n\t\t","protected":false},"excerpt":{"rendered":"<p>H\u00e4ufig gestellte Fragen Batteriebrand Fragen zu Risiken bei Lithium-Ionen-Batterien. Was sind die Risiken und wie kann man sie mit Batterien beherrschen? Nachstehend finden Sie die am h\u00e4ufigsten gestellten Fragen zu Br\u00e4nden von Lithiumbatterien. Welcher Feuerl\u00f6scher wird ben\u00f6tigt, um einen Batteriebrand zu l\u00f6schen? Ein Brand einer Lithiumbatterie wird mit einem Feuerl\u00f6scher auf Wasserbasis (AVD) gel\u00f6scht. Das [&hellip;]<\/p>\n","protected":false},"author":3,"featured_media":0,"parent":0,"menu_order":0,"comment_status":"closed","ping_status":"closed","template":"","meta":{"_acf_changed":false,"footnotes":""},"class_list":["post-4579","page","type-page","status-publish","hentry"],"acf":[],"yoast_head":"<!-- This site is optimized with the Yoast SEO plugin v25.4 - https:\/\/yoast.com\/wordpress\/plugins\/seo\/ -->\n<title>FAQ - KMA Group BV<\/title>\n<meta name=\"robots\" content=\"index, follow, max-snippet:-1, max-image-preview:large, max-video-preview:-1\" \/>\n<link rel=\"canonical\" href=\"https:\/\/www.kmatextiles.com\/de\/faq\/\" \/>\n<meta property=\"og:locale\" content=\"de_DE\" \/>\n<meta property=\"og:type\" content=\"article\" \/>\n<meta property=\"og:title\" content=\"FAQ - KMA Group BV\" \/>\n<meta property=\"og:description\" content=\"H\u00e4ufig gestellte Fragen Batteriebrand Fragen zu Risiken bei Lithium-Ionen-Batterien. Was sind die Risiken und wie kann man sie mit Batterien beherrschen? Nachstehend finden Sie die am h\u00e4ufigsten gestellten Fragen zu Br\u00e4nden von Lithiumbatterien. Welcher Feuerl\u00f6scher wird ben\u00f6tigt, um einen Batteriebrand zu l\u00f6schen? Ein Brand einer Lithiumbatterie wird mit einem Feuerl\u00f6scher auf Wasserbasis (AVD) gel\u00f6scht. Das [&hellip;]\" \/>\n<meta property=\"og:url\" content=\"https:\/\/www.kmatextiles.com\/de\/faq\/\" \/>\n<meta property=\"og:site_name\" content=\"KMA Group BV\" \/>\n<meta property=\"article:modified_time\" content=\"2023-03-20T11:19:46+00:00\" \/>\n<meta name=\"twitter:label1\" content=\"Gesch\u00e4tzte Lesezeit\" \/>\n\t<meta name=\"twitter:data1\" content=\"3\u00a0Minuten\" \/>\n<script type=\"application\/ld+json\" class=\"yoast-schema-graph\">{\"@context\":\"https:\/\/schema.org\",\"@graph\":[{\"@type\":\"WebPage\",\"@id\":\"https:\/\/www.kmatextiles.com\/de\/faq\/\",\"url\":\"https:\/\/www.kmatextiles.com\/de\/faq\/\",\"name\":\"FAQ - KMA Group BV\",\"isPartOf\":{\"@id\":\"https:\/\/www.kmatextiles.com\/#website\"},\"datePublished\":\"2022-11-03T08:19:10+00:00\",\"dateModified\":\"2023-03-20T11:19:46+00:00\",\"breadcrumb\":{\"@id\":\"https:\/\/www.kmatextiles.com\/de\/faq\/#breadcrumb\"},\"inLanguage\":\"de\",\"potentialAction\":[{\"@type\":\"ReadAction\",\"target\":[\"https:\/\/www.kmatextiles.com\/de\/faq\/\"]}]},{\"@type\":\"BreadcrumbList\",\"@id\":\"https:\/\/www.kmatextiles.com\/de\/faq\/#breadcrumb\",\"itemListElement\":[{\"@type\":\"ListItem\",\"position\":1,\"name\":\"Home\",\"item\":\"https:\/\/www.kmatextiles.com\/en\/\"},{\"@type\":\"ListItem\",\"position\":2,\"name\":\"FAQ\"}]},{\"@type\":\"WebSite\",\"@id\":\"https:\/\/www.kmatextiles.com\/#website\",\"url\":\"https:\/\/www.kmatextiles.com\/\",\"name\":\"KMA Group BV\",\"description\":\"Industrieel textiel en brandveiligheid\",\"publisher\":{\"@id\":\"https:\/\/www.kmatextiles.com\/#organization\"},\"potentialAction\":[{\"@type\":\"SearchAction\",\"target\":{\"@type\":\"EntryPoint\",\"urlTemplate\":\"https:\/\/www.kmatextiles.com\/?s={search_term_string}\"},\"query-input\":{\"@type\":\"PropertyValueSpecification\",\"valueRequired\":true,\"valueName\":\"search_term_string\"}}],\"inLanguage\":\"de\"},{\"@type\":\"Organization\",\"@id\":\"https:\/\/www.kmatextiles.com\/#organization\",\"name\":\"KMA Group BV\",\"url\":\"https:\/\/www.kmatextiles.com\/\",\"logo\":{\"@type\":\"ImageObject\",\"inLanguage\":\"de\",\"@id\":\"https:\/\/www.kmatextiles.com\/#\/schema\/logo\/image\/\",\"url\":\"https:\/\/www.kmatextiles.com\/wp-content\/uploads\/2022\/02\/KMA-Logo-no-tag-line.png\",\"contentUrl\":\"https:\/\/www.kmatextiles.com\/wp-content\/uploads\/2022\/02\/KMA-Logo-no-tag-line.png\",\"width\":551,\"height\":561,\"caption\":\"KMA Group BV\"},\"image\":{\"@id\":\"https:\/\/www.kmatextiles.com\/#\/schema\/logo\/image\/\"}}]}<\/script>\n<!-- \/ Yoast SEO plugin. -->","yoast_head_json":{"title":"FAQ - KMA Group BV","robots":{"index":"index","follow":"follow","max-snippet":"max-snippet:-1","max-image-preview":"max-image-preview:large","max-video-preview":"max-video-preview:-1"},"canonical":"https:\/\/www.kmatextiles.com\/de\/faq\/","og_locale":"de_DE","og_type":"article","og_title":"FAQ - KMA Group BV","og_description":"H\u00e4ufig gestellte Fragen Batteriebrand Fragen zu Risiken bei Lithium-Ionen-Batterien. Was sind die Risiken und wie kann man sie mit Batterien beherrschen? Nachstehend finden Sie die am h\u00e4ufigsten gestellten Fragen zu Br\u00e4nden von Lithiumbatterien. Welcher Feuerl\u00f6scher wird ben\u00f6tigt, um einen Batteriebrand zu l\u00f6schen? Ein Brand einer Lithiumbatterie wird mit einem Feuerl\u00f6scher auf Wasserbasis (AVD) gel\u00f6scht. Das [&hellip;]","og_url":"https:\/\/www.kmatextiles.com\/de\/faq\/","og_site_name":"KMA Group BV","article_modified_time":"2023-03-20T11:19:46+00:00","twitter_misc":{"Gesch\u00e4tzte Lesezeit":"3\u00a0Minuten"},"schema":{"@context":"https:\/\/schema.org","@graph":[{"@type":"WebPage","@id":"https:\/\/www.kmatextiles.com\/de\/faq\/","url":"https:\/\/www.kmatextiles.com\/de\/faq\/","name":"FAQ - KMA Group BV","isPartOf":{"@id":"https:\/\/www.kmatextiles.com\/#website"},"datePublished":"2022-11-03T08:19:10+00:00","dateModified":"2023-03-20T11:19:46+00:00","breadcrumb":{"@id":"https:\/\/www.kmatextiles.com\/de\/faq\/#breadcrumb"},"inLanguage":"de","potentialAction":[{"@type":"ReadAction","target":["https:\/\/www.kmatextiles.com\/de\/faq\/"]}]},{"@type":"BreadcrumbList","@id":"https:\/\/www.kmatextiles.com\/de\/faq\/#breadcrumb","itemListElement":[{"@type":"ListItem","position":1,"name":"Home","item":"https:\/\/www.kmatextiles.com\/en\/"},{"@type":"ListItem","position":2,"name":"FAQ"}]},{"@type":"WebSite","@id":"https:\/\/www.kmatextiles.com\/#website","url":"https:\/\/www.kmatextiles.com\/","name":"KMA Group BV","description":"Industrieel textiel en brandveiligheid","publisher":{"@id":"https:\/\/www.kmatextiles.com\/#organization"},"potentialAction":[{"@type":"SearchAction","target":{"@type":"EntryPoint","urlTemplate":"https:\/\/www.kmatextiles.com\/?s={search_term_string}"},"query-input":{"@type":"PropertyValueSpecification","valueRequired":true,"valueName":"search_term_string"}}],"inLanguage":"de"},{"@type":"Organization","@id":"https:\/\/www.kmatextiles.com\/#organization","name":"KMA Group BV","url":"https:\/\/www.kmatextiles.com\/","logo":{"@type":"ImageObject","inLanguage":"de","@id":"https:\/\/www.kmatextiles.com\/#\/schema\/logo\/image\/","url":"https:\/\/www.kmatextiles.com\/wp-content\/uploads\/2022\/02\/KMA-Logo-no-tag-line.png","contentUrl":"https:\/\/www.kmatextiles.com\/wp-content\/uploads\/2022\/02\/KMA-Logo-no-tag-line.png","width":551,"height":561,"caption":"KMA Group BV"},"image":{"@id":"https:\/\/www.kmatextiles.com\/#\/schema\/logo\/image\/"}}]}},"_links":{"self":[{"href":"https:\/\/www.kmatextiles.com\/de\/wp-json\/wp\/v2\/pages\/4579","targetHints":{"allow":["GET"]}}],"collection":[{"href":"https:\/\/www.kmatextiles.com\/de\/wp-json\/wp\/v2\/pages"}],"about":[{"href":"https:\/\/www.kmatextiles.com\/de\/wp-json\/wp\/v2\/types\/page"}],"author":[{"embeddable":true,"href":"https:\/\/www.kmatextiles.com\/de\/wp-json\/wp\/v2\/users\/3"}],"replies":[{"embeddable":true,"href":"https:\/\/www.kmatextiles.com\/de\/wp-json\/wp\/v2\/comments?post=4579"}],"version-history":[{"count":6,"href":"https:\/\/www.kmatextiles.com\/de\/wp-json\/wp\/v2\/pages\/4579\/revisions"}],"predecessor-version":[{"id":4690,"href":"https:\/\/www.kmatextiles.com\/de\/wp-json\/wp\/v2\/pages\/4579\/revisions\/4690"}],"wp:attachment":[{"href":"https:\/\/www.kmatextiles.com\/de\/wp-json\/wp\/v2\/media?parent=4579"}],"curies":[{"name":"wp","href":"https:\/\/api.w.org\/{rel}","templated":true}]}}