{"id":4511,"date":"2022-10-27T09:15:08","date_gmt":"2022-10-27T07:15:08","guid":{"rendered":"https:\/\/www.kmatextiles.com\/zahlung-und-versand\/"},"modified":"2022-10-27T11:00:25","modified_gmt":"2022-10-27T09:00:25","slug":"zahlung-und-versand","status":"publish","type":"page","link":"https:\/\/www.kmatextiles.com\/de\/zahlung-und-versand\/","title":{"rendered":"Zahlung und Versand"},"content":{"rendered":"\t\t<div data-elementor-type=\"wp-page\" data-elementor-id=\"4511\" class=\"elementor elementor-4511\">\n\t\t\t\t\t\t<section class=\"elementor-section elementor-top-section elementor-element elementor-element-747ebe2 elementor-section-boxed elementor-section-height-default elementor-section-height-default\" data-id=\"747ebe2\" data-element_type=\"section\">\n\t\t\t\t\t\t<div class=\"elementor-container elementor-column-gap-default\">\n\t\t\t\t\t<div class=\"elementor-column elementor-col-100 elementor-top-column elementor-element elementor-element-6d684a3\" data-id=\"6d684a3\" data-element_type=\"column\">\n\t\t\t<div class=\"elementor-column-wrap--6d684a3 elementor-widget-wrap elementor-element-populated\">\n\t\t\t\t\t\t<div class=\"elementor-element elementor-element-44e4158 elementor-widget elementor-widget-text-editor\" data-id=\"44e4158\" data-element_type=\"widget\" data-widget_type=\"text-editor.default\">\n\t\t\t\t<div class=\"elementor-widget-container\">\n\t\t\t\t\t\t\t\t\t<p>Sie k\u00f6nnen bei uns sicher und einfach mit den folgenden Zahlungsmethoden bezahlen:<\/p><p>&#8211; Ideal<br \/>&#8211; Kreditkarte<br \/>&#8211; Bank\u00fcberweisung<\/p><p>Bei der Bestellung k\u00f6nnen Sie die f\u00fcr Sie bequemste Zahlungsmethode w\u00e4hlen. Sie erhalten sofort nach der Bestellung eine Auftragsbest\u00e4tigung und eine Rechnung per E-Mail.<\/p><p>Die Bestellungen werden nach M\u00f6glichkeit mit UPS versandt. Die Track-and-Trace-Daten werden mit der Bestellung verschickt, so dass Sie sehen k\u00f6nnen, wann Ihre Bestellung geliefert werden wird. Wenn eine andere Versandart gew\u00e4hlt wird, z. B. wenn das Paket zu gro\u00df ist, werden Sie dar\u00fcber informiert.<\/p>\t\t\t\t\t\t\t\t<\/div>\n\t\t\t\t<\/div>\n\t\t\t\t\t<\/div>\n\t\t<\/div>\n\t\t\t\t\t<\/div>\n\t\t<\/section>\n\t\t\t\t<\/div>\n\t\t","protected":false},"excerpt":{"rendered":"<p>Sie k\u00f6nnen bei uns sicher und einfach mit den folgenden Zahlungsmethoden bezahlen: &#8211; Ideal&#8211; Kreditkarte&#8211; Bank\u00fcberweisung Bei der Bestellung k\u00f6nnen Sie die f\u00fcr Sie bequemste Zahlungsmethode w\u00e4hlen. Sie erhalten sofort nach der Bestellung eine Auftragsbest\u00e4tigung und eine Rechnung per E-Mail. Die Bestellungen werden nach M\u00f6glichkeit mit UPS versandt. Die Track-and-Trace-Daten werden mit der Bestellung verschickt, [&hellip;]<\/p>\n","protected":false},"author":3,"featured_media":0,"parent":0,"menu_order":0,"comment_status":"closed","ping_status":"closed","template":"","meta":{"_acf_changed":false,"footnotes":""},"class_list":["post-4511","page","type-page","status-publish","hentry"],"acf":[],"yoast_head":"<!-- This site is optimized with the Yoast SEO plugin v25.4 - https:\/\/yoast.com\/wordpress\/plugins\/seo\/ -->\n<title>Zahlung und Versand - KMA Group BV<\/title>\n<meta name=\"robots\" content=\"index, follow, max-snippet:-1, max-image-preview:large, max-video-preview:-1\" \/>\n<link rel=\"canonical\" href=\"https:\/\/www.kmatextiles.com\/betaling-en-verzending\/\" \/>\n<meta property=\"og:locale\" content=\"de_DE\" \/>\n<meta property=\"og:type\" content=\"article\" \/>\n<meta property=\"og:title\" content=\"Zahlung und Versand - KMA Group BV\" \/>\n<meta property=\"og:description\" content=\"Sie k\u00f6nnen bei uns sicher und einfach mit den folgenden Zahlungsmethoden bezahlen: &#8211; Ideal&#8211; Kreditkarte&#8211; Bank\u00fcberweisung Bei der Bestellung k\u00f6nnen Sie die f\u00fcr Sie bequemste Zahlungsmethode w\u00e4hlen. Sie erhalten sofort nach der Bestellung eine Auftragsbest\u00e4tigung und eine Rechnung per E-Mail. Die Bestellungen werden nach M\u00f6glichkeit mit UPS versandt. Die Track-and-Trace-Daten werden mit der Bestellung verschickt, [&hellip;]\" \/>\n<meta property=\"og:url\" content=\"https:\/\/www.kmatextiles.com\/betaling-en-verzending\/\" \/>\n<meta property=\"og:site_name\" content=\"KMA Group BV\" \/>\n<meta property=\"article:modified_time\" content=\"2022-10-27T09:00:25+00:00\" \/>\n<meta name=\"twitter:label1\" content=\"Gesch\u00e4tzte Lesezeit\" \/>\n\t<meta name=\"twitter:data1\" content=\"1\u00a0Minute\" \/>\n<script type=\"application\/ld+json\" class=\"yoast-schema-graph\">{\"@context\":\"https:\/\/schema.org\",\"@graph\":[{\"@type\":\"WebPage\",\"@id\":\"https:\/\/www.kmatextiles.com\/betaling-en-verzending\/\",\"url\":\"https:\/\/www.kmatextiles.com\/betaling-en-verzending\/\",\"name\":\"Zahlung und Versand - KMA Group BV\",\"isPartOf\":{\"@id\":\"https:\/\/www.kmatextiles.com\/#website\"},\"datePublished\":\"2022-10-27T07:15:08+00:00\",\"dateModified\":\"2022-10-27T09:00:25+00:00\",\"breadcrumb\":{\"@id\":\"https:\/\/www.kmatextiles.com\/betaling-en-verzending\/#breadcrumb\"},\"inLanguage\":\"de\",\"potentialAction\":[{\"@type\":\"ReadAction\",\"target\":[\"https:\/\/www.kmatextiles.com\/betaling-en-verzending\/\"]}]},{\"@type\":\"BreadcrumbList\",\"@id\":\"https:\/\/www.kmatextiles.com\/betaling-en-verzending\/#breadcrumb\",\"itemListElement\":[{\"@type\":\"ListItem\",\"position\":1,\"name\":\"Home\",\"item\":\"https:\/\/www.kmatextiles.com\/en\/\"},{\"@type\":\"ListItem\",\"position\":2,\"name\":\"Zahlung und Versand\"}]},{\"@type\":\"WebSite\",\"@id\":\"https:\/\/www.kmatextiles.com\/#website\",\"url\":\"https:\/\/www.kmatextiles.com\/\",\"name\":\"KMA Group BV\",\"description\":\"Industrieel textiel en brandveiligheid\",\"publisher\":{\"@id\":\"https:\/\/www.kmatextiles.com\/#organization\"},\"potentialAction\":[{\"@type\":\"SearchAction\",\"target\":{\"@type\":\"EntryPoint\",\"urlTemplate\":\"https:\/\/www.kmatextiles.com\/?s={search_term_string}\"},\"query-input\":{\"@type\":\"PropertyValueSpecification\",\"valueRequired\":true,\"valueName\":\"search_term_string\"}}],\"inLanguage\":\"de\"},{\"@type\":\"Organization\",\"@id\":\"https:\/\/www.kmatextiles.com\/#organization\",\"name\":\"KMA Group BV\",\"url\":\"https:\/\/www.kmatextiles.com\/\",\"logo\":{\"@type\":\"ImageObject\",\"inLanguage\":\"de\",\"@id\":\"https:\/\/www.kmatextiles.com\/#\/schema\/logo\/image\/\",\"url\":\"https:\/\/www.kmatextiles.com\/wp-content\/uploads\/2022\/02\/KMA-Logo-no-tag-line.png\",\"contentUrl\":\"https:\/\/www.kmatextiles.com\/wp-content\/uploads\/2022\/02\/KMA-Logo-no-tag-line.png\",\"width\":551,\"height\":561,\"caption\":\"KMA Group BV\"},\"image\":{\"@id\":\"https:\/\/www.kmatextiles.com\/#\/schema\/logo\/image\/\"}}]}<\/script>\n<!-- \/ Yoast SEO plugin. -->","yoast_head_json":{"title":"Zahlung und Versand - KMA Group BV","robots":{"index":"index","follow":"follow","max-snippet":"max-snippet:-1","max-image-preview":"max-image-preview:large","max-video-preview":"max-video-preview:-1"},"canonical":"https:\/\/www.kmatextiles.com\/betaling-en-verzending\/","og_locale":"de_DE","og_type":"article","og_title":"Zahlung und Versand - KMA Group BV","og_description":"Sie k\u00f6nnen bei uns sicher und einfach mit den folgenden Zahlungsmethoden bezahlen: &#8211; Ideal&#8211; Kreditkarte&#8211; Bank\u00fcberweisung Bei der Bestellung k\u00f6nnen Sie die f\u00fcr Sie bequemste Zahlungsmethode w\u00e4hlen. Sie erhalten sofort nach der Bestellung eine Auftragsbest\u00e4tigung und eine Rechnung per E-Mail. Die Bestellungen werden nach M\u00f6glichkeit mit UPS versandt. Die Track-and-Trace-Daten werden mit der Bestellung verschickt, [&hellip;]","og_url":"https:\/\/www.kmatextiles.com\/betaling-en-verzending\/","og_site_name":"KMA Group BV","article_modified_time":"2022-10-27T09:00:25+00:00","twitter_misc":{"Gesch\u00e4tzte Lesezeit":"1\u00a0Minute"},"schema":{"@context":"https:\/\/schema.org","@graph":[{"@type":"WebPage","@id":"https:\/\/www.kmatextiles.com\/betaling-en-verzending\/","url":"https:\/\/www.kmatextiles.com\/betaling-en-verzending\/","name":"Zahlung und Versand - KMA Group BV","isPartOf":{"@id":"https:\/\/www.kmatextiles.com\/#website"},"datePublished":"2022-10-27T07:15:08+00:00","dateModified":"2022-10-27T09:00:25+00:00","breadcrumb":{"@id":"https:\/\/www.kmatextiles.com\/betaling-en-verzending\/#breadcrumb"},"inLanguage":"de","potentialAction":[{"@type":"ReadAction","target":["https:\/\/www.kmatextiles.com\/betaling-en-verzending\/"]}]},{"@type":"BreadcrumbList","@id":"https:\/\/www.kmatextiles.com\/betaling-en-verzending\/#breadcrumb","itemListElement":[{"@type":"ListItem","position":1,"name":"Home","item":"https:\/\/www.kmatextiles.com\/en\/"},{"@type":"ListItem","position":2,"name":"Zahlung und Versand"}]},{"@type":"WebSite","@id":"https:\/\/www.kmatextiles.com\/#website","url":"https:\/\/www.kmatextiles.com\/","name":"KMA Group BV","description":"Industrieel textiel en brandveiligheid","publisher":{"@id":"https:\/\/www.kmatextiles.com\/#organization"},"potentialAction":[{"@type":"SearchAction","target":{"@type":"EntryPoint","urlTemplate":"https:\/\/www.kmatextiles.com\/?s={search_term_string}"},"query-input":{"@type":"PropertyValueSpecification","valueRequired":true,"valueName":"search_term_string"}}],"inLanguage":"de"},{"@type":"Organization","@id":"https:\/\/www.kmatextiles.com\/#organization","name":"KMA Group BV","url":"https:\/\/www.kmatextiles.com\/","logo":{"@type":"ImageObject","inLanguage":"de","@id":"https:\/\/www.kmatextiles.com\/#\/schema\/logo\/image\/","url":"https:\/\/www.kmatextiles.com\/wp-content\/uploads\/2022\/02\/KMA-Logo-no-tag-line.png","contentUrl":"https:\/\/www.kmatextiles.com\/wp-content\/uploads\/2022\/02\/KMA-Logo-no-tag-line.png","width":551,"height":561,"caption":"KMA Group BV"},"image":{"@id":"https:\/\/www.kmatextiles.com\/#\/schema\/logo\/image\/"}}]}},"_links":{"self":[{"href":"https:\/\/www.kmatextiles.com\/de\/wp-json\/wp\/v2\/pages\/4511","targetHints":{"allow":["GET"]}}],"collection":[{"href":"https:\/\/www.kmatextiles.com\/de\/wp-json\/wp\/v2\/pages"}],"about":[{"href":"https:\/\/www.kmatextiles.com\/de\/wp-json\/wp\/v2\/types\/page"}],"author":[{"embeddable":true,"href":"https:\/\/www.kmatextiles.com\/de\/wp-json\/wp\/v2\/users\/3"}],"replies":[{"embeddable":true,"href":"https:\/\/www.kmatextiles.com\/de\/wp-json\/wp\/v2\/comments?post=4511"}],"version-history":[{"count":3,"href":"https:\/\/www.kmatextiles.com\/de\/wp-json\/wp\/v2\/pages\/4511\/revisions"}],"predecessor-version":[{"id":4514,"href":"https:\/\/www.kmatextiles.com\/de\/wp-json\/wp\/v2\/pages\/4511\/revisions\/4514"}],"wp:attachment":[{"href":"https:\/\/www.kmatextiles.com\/de\/wp-json\/wp\/v2\/media?parent=4511"}],"curies":[{"name":"wp","href":"https:\/\/api.w.org\/{rel}","templated":true}]}}