{"id":4500,"date":"2022-10-27T09:41:18","date_gmt":"2022-10-27T07:41:18","guid":{"rendered":"https:\/\/www.kmatextiles.com\/garantie\/"},"modified":"2022-10-27T10:55:06","modified_gmt":"2022-10-27T08:55:06","slug":"garantie","status":"publish","type":"page","link":"https:\/\/www.kmatextiles.com\/de\/garantie\/","title":{"rendered":"Garantie"},"content":{"rendered":"\t\t<div data-elementor-type=\"wp-page\" data-elementor-id=\"4500\" class=\"elementor elementor-4500\">\n\t\t\t\t\t\t<section class=\"elementor-section elementor-top-section elementor-element elementor-element-9ff6582 elementor-section-boxed elementor-section-height-default elementor-section-height-default\" data-id=\"9ff6582\" data-element_type=\"section\">\n\t\t\t\t\t\t<div class=\"elementor-container elementor-column-gap-default\">\n\t\t\t\t\t<div class=\"elementor-column elementor-col-100 elementor-top-column elementor-element elementor-element-0b34aad\" data-id=\"0b34aad\" data-element_type=\"column\">\n\t\t\t<div class=\"elementor-column-wrap--0b34aad elementor-widget-wrap elementor-element-populated\">\n\t\t\t\t\t\t<div class=\"elementor-element elementor-element-235418f elementor-widget elementor-widget-text-editor\" data-id=\"235418f\" data-element_type=\"widget\" data-widget_type=\"text-editor.default\">\n\t\t\t\t<div class=\"elementor-widget-container\">\n\t\t\t\t\t\t\t\t\t<p>Die KMA Group BV gew\u00e4hrt standardm\u00e4\u00dfig eine Mindestgarantie von 1 Jahr auf Produkte, die \u00fcber die Website www.lith-ex.nl verkauft werden. Wenn f\u00fcr den betreffenden Artikel vom Hersteller eine l\u00e4ngere Frist gilt, wird diese angewendet.<\/p><p>Mit Ihrer Bestellung erhalten Sie eine Rechnung mit Ihrer Bestellnummer. Um die Garantie in Anspruch nehmen zu k\u00f6nnen, ben\u00f6tigen wir von Ihnen mindestens Ihre Bestellnummer. Sie k\u00f6nnen Waren innerhalb von 14 Tagen kostenlos zur\u00fccksenden (siehe hier f\u00fcr R\u00fcckgabebedingungen). Wenn Sie nach 14 Tagen ein Problem mit dem Produkt haben, kontaktieren Sie uns bitte \u00fcber das Kontaktformular oder telefonisch unter +31 515 331 344. Wir werden unser M\u00f6glichstes tun, um Ihr Problem oder Ihre Beschwerde schnell und vollst\u00e4ndig zu l\u00f6sen.<\/p>\t\t\t\t\t\t\t\t<\/div>\n\t\t\t\t<\/div>\n\t\t\t\t\t<\/div>\n\t\t<\/div>\n\t\t\t\t\t<\/div>\n\t\t<\/section>\n\t\t\t\t<\/div>\n\t\t","protected":false},"excerpt":{"rendered":"<p>Die KMA Group BV gew\u00e4hrt standardm\u00e4\u00dfig eine Mindestgarantie von 1 Jahr auf Produkte, die \u00fcber die Website www.lith-ex.nl verkauft werden. Wenn f\u00fcr den betreffenden Artikel vom Hersteller eine l\u00e4ngere Frist gilt, wird diese angewendet. Mit Ihrer Bestellung erhalten Sie eine Rechnung mit Ihrer Bestellnummer. Um die Garantie in Anspruch nehmen zu k\u00f6nnen, ben\u00f6tigen wir von [&hellip;]<\/p>\n","protected":false},"author":3,"featured_media":0,"parent":0,"menu_order":0,"comment_status":"closed","ping_status":"closed","template":"","meta":{"_acf_changed":false,"footnotes":""},"class_list":["post-4500","page","type-page","status-publish","hentry"],"acf":[],"yoast_head":"<!-- This site is optimized with the Yoast SEO plugin v25.4 - https:\/\/yoast.com\/wordpress\/plugins\/seo\/ -->\n<title>Garantie - KMA Group BV<\/title>\n<meta name=\"robots\" content=\"index, follow, max-snippet:-1, max-image-preview:large, max-video-preview:-1\" \/>\n<link rel=\"canonical\" href=\"https:\/\/www.kmatextiles.com\/garantie\/\" \/>\n<meta property=\"og:locale\" content=\"de_DE\" \/>\n<meta property=\"og:type\" content=\"article\" \/>\n<meta property=\"og:title\" content=\"Garantie - KMA Group BV\" \/>\n<meta property=\"og:description\" content=\"Die KMA Group BV gew\u00e4hrt standardm\u00e4\u00dfig eine Mindestgarantie von 1 Jahr auf Produkte, die \u00fcber die Website www.lith-ex.nl verkauft werden. Wenn f\u00fcr den betreffenden Artikel vom Hersteller eine l\u00e4ngere Frist gilt, wird diese angewendet. Mit Ihrer Bestellung erhalten Sie eine Rechnung mit Ihrer Bestellnummer. Um die Garantie in Anspruch nehmen zu k\u00f6nnen, ben\u00f6tigen wir von [&hellip;]\" \/>\n<meta property=\"og:url\" content=\"https:\/\/www.kmatextiles.com\/garantie\/\" \/>\n<meta property=\"og:site_name\" content=\"KMA Group BV\" \/>\n<meta property=\"article:modified_time\" content=\"2022-10-27T08:55:06+00:00\" \/>\n<meta name=\"twitter:label1\" content=\"Gesch\u00e4tzte Lesezeit\" \/>\n\t<meta name=\"twitter:data1\" content=\"1\u00a0Minute\" \/>\n<script type=\"application\/ld+json\" class=\"yoast-schema-graph\">{\"@context\":\"https:\/\/schema.org\",\"@graph\":[{\"@type\":\"WebPage\",\"@id\":\"https:\/\/www.kmatextiles.com\/garantie\/\",\"url\":\"https:\/\/www.kmatextiles.com\/garantie\/\",\"name\":\"Garantie - KMA Group BV\",\"isPartOf\":{\"@id\":\"https:\/\/www.kmatextiles.com\/#website\"},\"datePublished\":\"2022-10-27T07:41:18+00:00\",\"dateModified\":\"2022-10-27T08:55:06+00:00\",\"breadcrumb\":{\"@id\":\"https:\/\/www.kmatextiles.com\/garantie\/#breadcrumb\"},\"inLanguage\":\"de\",\"potentialAction\":[{\"@type\":\"ReadAction\",\"target\":[\"https:\/\/www.kmatextiles.com\/garantie\/\"]}]},{\"@type\":\"BreadcrumbList\",\"@id\":\"https:\/\/www.kmatextiles.com\/garantie\/#breadcrumb\",\"itemListElement\":[{\"@type\":\"ListItem\",\"position\":1,\"name\":\"Home\",\"item\":\"https:\/\/www.kmatextiles.com\/en\/\"},{\"@type\":\"ListItem\",\"position\":2,\"name\":\"Garantie\"}]},{\"@type\":\"WebSite\",\"@id\":\"https:\/\/www.kmatextiles.com\/#website\",\"url\":\"https:\/\/www.kmatextiles.com\/\",\"name\":\"KMA Group BV\",\"description\":\"Industrieel textiel en brandveiligheid\",\"publisher\":{\"@id\":\"https:\/\/www.kmatextiles.com\/#organization\"},\"potentialAction\":[{\"@type\":\"SearchAction\",\"target\":{\"@type\":\"EntryPoint\",\"urlTemplate\":\"https:\/\/www.kmatextiles.com\/?s={search_term_string}\"},\"query-input\":{\"@type\":\"PropertyValueSpecification\",\"valueRequired\":true,\"valueName\":\"search_term_string\"}}],\"inLanguage\":\"de\"},{\"@type\":\"Organization\",\"@id\":\"https:\/\/www.kmatextiles.com\/#organization\",\"name\":\"KMA Group BV\",\"url\":\"https:\/\/www.kmatextiles.com\/\",\"logo\":{\"@type\":\"ImageObject\",\"inLanguage\":\"de\",\"@id\":\"https:\/\/www.kmatextiles.com\/#\/schema\/logo\/image\/\",\"url\":\"https:\/\/www.kmatextiles.com\/wp-content\/uploads\/2022\/02\/KMA-Logo-no-tag-line.png\",\"contentUrl\":\"https:\/\/www.kmatextiles.com\/wp-content\/uploads\/2022\/02\/KMA-Logo-no-tag-line.png\",\"width\":551,\"height\":561,\"caption\":\"KMA Group BV\"},\"image\":{\"@id\":\"https:\/\/www.kmatextiles.com\/#\/schema\/logo\/image\/\"}}]}<\/script>\n<!-- \/ Yoast SEO plugin. -->","yoast_head_json":{"title":"Garantie - KMA Group BV","robots":{"index":"index","follow":"follow","max-snippet":"max-snippet:-1","max-image-preview":"max-image-preview:large","max-video-preview":"max-video-preview:-1"},"canonical":"https:\/\/www.kmatextiles.com\/garantie\/","og_locale":"de_DE","og_type":"article","og_title":"Garantie - KMA Group BV","og_description":"Die KMA Group BV gew\u00e4hrt standardm\u00e4\u00dfig eine Mindestgarantie von 1 Jahr auf Produkte, die \u00fcber die Website www.lith-ex.nl verkauft werden. Wenn f\u00fcr den betreffenden Artikel vom Hersteller eine l\u00e4ngere Frist gilt, wird diese angewendet. Mit Ihrer Bestellung erhalten Sie eine Rechnung mit Ihrer Bestellnummer. Um die Garantie in Anspruch nehmen zu k\u00f6nnen, ben\u00f6tigen wir von [&hellip;]","og_url":"https:\/\/www.kmatextiles.com\/garantie\/","og_site_name":"KMA Group BV","article_modified_time":"2022-10-27T08:55:06+00:00","twitter_misc":{"Gesch\u00e4tzte Lesezeit":"1\u00a0Minute"},"schema":{"@context":"https:\/\/schema.org","@graph":[{"@type":"WebPage","@id":"https:\/\/www.kmatextiles.com\/garantie\/","url":"https:\/\/www.kmatextiles.com\/garantie\/","name":"Garantie - KMA Group BV","isPartOf":{"@id":"https:\/\/www.kmatextiles.com\/#website"},"datePublished":"2022-10-27T07:41:18+00:00","dateModified":"2022-10-27T08:55:06+00:00","breadcrumb":{"@id":"https:\/\/www.kmatextiles.com\/garantie\/#breadcrumb"},"inLanguage":"de","potentialAction":[{"@type":"ReadAction","target":["https:\/\/www.kmatextiles.com\/garantie\/"]}]},{"@type":"BreadcrumbList","@id":"https:\/\/www.kmatextiles.com\/garantie\/#breadcrumb","itemListElement":[{"@type":"ListItem","position":1,"name":"Home","item":"https:\/\/www.kmatextiles.com\/en\/"},{"@type":"ListItem","position":2,"name":"Garantie"}]},{"@type":"WebSite","@id":"https:\/\/www.kmatextiles.com\/#website","url":"https:\/\/www.kmatextiles.com\/","name":"KMA Group BV","description":"Industrieel textiel en brandveiligheid","publisher":{"@id":"https:\/\/www.kmatextiles.com\/#organization"},"potentialAction":[{"@type":"SearchAction","target":{"@type":"EntryPoint","urlTemplate":"https:\/\/www.kmatextiles.com\/?s={search_term_string}"},"query-input":{"@type":"PropertyValueSpecification","valueRequired":true,"valueName":"search_term_string"}}],"inLanguage":"de"},{"@type":"Organization","@id":"https:\/\/www.kmatextiles.com\/#organization","name":"KMA Group BV","url":"https:\/\/www.kmatextiles.com\/","logo":{"@type":"ImageObject","inLanguage":"de","@id":"https:\/\/www.kmatextiles.com\/#\/schema\/logo\/image\/","url":"https:\/\/www.kmatextiles.com\/wp-content\/uploads\/2022\/02\/KMA-Logo-no-tag-line.png","contentUrl":"https:\/\/www.kmatextiles.com\/wp-content\/uploads\/2022\/02\/KMA-Logo-no-tag-line.png","width":551,"height":561,"caption":"KMA Group BV"},"image":{"@id":"https:\/\/www.kmatextiles.com\/#\/schema\/logo\/image\/"}}]}},"_links":{"self":[{"href":"https:\/\/www.kmatextiles.com\/de\/wp-json\/wp\/v2\/pages\/4500","targetHints":{"allow":["GET"]}}],"collection":[{"href":"https:\/\/www.kmatextiles.com\/de\/wp-json\/wp\/v2\/pages"}],"about":[{"href":"https:\/\/www.kmatextiles.com\/de\/wp-json\/wp\/v2\/types\/page"}],"author":[{"embeddable":true,"href":"https:\/\/www.kmatextiles.com\/de\/wp-json\/wp\/v2\/users\/3"}],"replies":[{"embeddable":true,"href":"https:\/\/www.kmatextiles.com\/de\/wp-json\/wp\/v2\/comments?post=4500"}],"version-history":[{"count":3,"href":"https:\/\/www.kmatextiles.com\/de\/wp-json\/wp\/v2\/pages\/4500\/revisions"}],"predecessor-version":[{"id":4503,"href":"https:\/\/www.kmatextiles.com\/de\/wp-json\/wp\/v2\/pages\/4500\/revisions\/4503"}],"wp:attachment":[{"href":"https:\/\/www.kmatextiles.com\/de\/wp-json\/wp\/v2\/media?parent=4500"}],"curies":[{"name":"wp","href":"https:\/\/api.w.org\/{rel}","templated":true}]}}